{"id":15,"date":"2018-11-24T17:58:44","date_gmt":"2018-11-24T17:58:44","guid":{"rendered":"https:\/\/andrae-floristik.de\/?page_id=15"},"modified":"2025-02-03T18:47:18","modified_gmt":"2025-02-03T18:47:18","slug":"home","status":"publish","type":"page","link":"https:\/\/andrae-floristik.de\/","title":{"rendered":"Home"},"content":{"rendered":"<p>Andr\u00e4 Floristik gibt es seit&nbsp;dem Jahr 1977 in Dresden. Wir bieten individuelle, au\u00dfergew\u00f6hnliche und trendorientierte Floristik an.<\/p>\n<p>In unserer Filiale werden unsere Kunden durch erfahrene Floristinnen und Floristen fachm\u00e4nnisch beraten.&nbsp;&nbsp;Wir bieten Hochzeits-, Trocken- , und Trauerfloristik an, sowie Dekorationen aller Art.&nbsp;<\/p>\n<p>&nbsp;<\/p>\n<p>Wir freuen uns auf Ihren Besuch.<\/p>\n<p>Ihr Andr\u00e4 Floristik Team.<\/p>\n","protected":false},"excerpt":{"rendered":"<p>Andr\u00e4 Floristik gibt es seit&nbsp;dem Jahr 1977 in Dresden. Wir bieten individuelle, au\u00dfergew\u00f6hnliche und trendorientierte Floristik an. In unserer Filiale werden unsere Kunden durch erfahrene Floristinnen und Floristen fachm\u00e4nnisch beraten.&nbsp;&nbsp;Wir bieten Hochzeits-, Trocken- , und Trauerfloristik an, sowie Dekorationen aller Art.&nbsp; &nbsp; Wir freuen uns auf Ihren Besuch. Ihr Andr\u00e4 Floristik Team.<\/p>\n","protected":false},"author":1,"featured_media":222,"parent":0,"menu_order":0,"comment_status":"closed","ping_status":"closed","template":"","meta":{"ngg_post_thumbnail":0,"footnotes":""},"class_list":["post-15","page","type-page","status-publish","has-post-thumbnail","hentry"],"_links":{"self":[{"href":"https:\/\/andrae-floristik.de\/index.php?rest_route=\/wp\/v2\/pages\/15","targetHints":{"allow":["GET"]}}],"collection":[{"href":"https:\/\/andrae-floristik.de\/index.php?rest_route=\/wp\/v2\/pages"}],"about":[{"href":"https:\/\/andrae-floristik.de\/index.php?rest_route=\/wp\/v2\/types\/page"}],"author":[{"embeddable":true,"href":"https:\/\/andrae-floristik.de\/index.php?rest_route=\/wp\/v2\/users\/1"}],"replies":[{"embeddable":true,"href":"https:\/\/andrae-floristik.de\/index.php?rest_route=%2Fwp%2Fv2%2Fcomments&post=15"}],"version-history":[{"count":37,"href":"https:\/\/andrae-floristik.de\/index.php?rest_route=\/wp\/v2\/pages\/15\/revisions"}],"predecessor-version":[{"id":233,"href":"https:\/\/andrae-floristik.de\/index.php?rest_route=\/wp\/v2\/pages\/15\/revisions\/233"}],"wp:featuredmedia":[{"embeddable":true,"href":"https:\/\/andrae-floristik.de\/index.php?rest_route=\/wp\/v2\/media\/222"}],"wp:attachment":[{"href":"https:\/\/andrae-floristik.de\/index.php?rest_route=%2Fwp%2Fv2%2Fmedia&parent=15"}],"curies":[{"name":"wp","href":"https:\/\/api.w.org\/{rel}","templated":true}]}}