{"id":24,"date":"2018-11-24T18:15:19","date_gmt":"2018-11-24T18:15:19","guid":{"rendered":"https:\/\/andrae-floristik.de\/?page_id=24"},"modified":"2022-06-01T15:25:13","modified_gmt":"2022-06-01T15:25:13","slug":"kontakt","status":"publish","type":"page","link":"https:\/\/andrae-floristik.de\/?page_id=24","title":{"rendered":"Kontakt"},"content":{"rendered":"<p>Vielen Dank f\u00fcr Ihren Besuch auf unseren Seiten.<\/p>\n<p>Wenn Sie Fragen zu unseren Produkten oder unserer Firma haben, k\u00f6nnen Sie gerne per E-Mail, Telefon oder auf dem Postweg Kontakt zu uns aufnehmen.<\/p>\n<p>Post:&nbsp; Andr\u00e4 Floristik, Altgorbitzer Ring 81, 01169 Dresden<\/p>\n<p>Telefon:&nbsp; &nbsp; +49 351 4124016<\/p>\n<p>Mail:&nbsp;<a href=\"mailto:info@andrae-floristik.de\">info@andrae-floristik.de<\/a><\/p>\n","protected":false},"excerpt":{"rendered":"<p>Vielen Dank f\u00fcr Ihren Besuch auf unseren Seiten. Wenn Sie Fragen zu unseren Produkten oder unserer Firma haben, k\u00f6nnen Sie gerne per E-Mail, Telefon oder auf dem Postweg Kontakt zu uns aufnehmen. Post:&nbsp; Andr\u00e4 Floristik, Altgorbitzer Ring 81, 01169 Dresden Telefon:&nbsp; &nbsp; +49 351 4124016 Mail:&nbsp;info@andrae-floristik.de<\/p>\n","protected":false},"author":1,"featured_media":0,"parent":0,"menu_order":0,"comment_status":"closed","ping_status":"closed","template":"","meta":{"ngg_post_thumbnail":0,"footnotes":""},"class_list":["post-24","page","type-page","status-publish","hentry"],"_links":{"self":[{"href":"https:\/\/andrae-floristik.de\/index.php?rest_route=\/wp\/v2\/pages\/24","targetHints":{"allow":["GET"]}}],"collection":[{"href":"https:\/\/andrae-floristik.de\/index.php?rest_route=\/wp\/v2\/pages"}],"about":[{"href":"https:\/\/andrae-floristik.de\/index.php?rest_route=\/wp\/v2\/types\/page"}],"author":[{"embeddable":true,"href":"https:\/\/andrae-floristik.de\/index.php?rest_route=\/wp\/v2\/users\/1"}],"replies":[{"embeddable":true,"href":"https:\/\/andrae-floristik.de\/index.php?rest_route=%2Fwp%2Fv2%2Fcomments&post=24"}],"version-history":[{"count":2,"href":"https:\/\/andrae-floristik.de\/index.php?rest_route=\/wp\/v2\/pages\/24\/revisions"}],"predecessor-version":[{"id":205,"href":"https:\/\/andrae-floristik.de\/index.php?rest_route=\/wp\/v2\/pages\/24\/revisions\/205"}],"wp:attachment":[{"href":"https:\/\/andrae-floristik.de\/index.php?rest_route=%2Fwp%2Fv2%2Fmedia&parent=24"}],"curies":[{"name":"wp","href":"https:\/\/api.w.org\/{rel}","templated":true}]}}